{"id":889,"date":"2021-05-17T11:48:27","date_gmt":"2021-05-17T11:48:27","guid":{"rendered":"https:\/\/dramaturgiaparalainfanciaylajuventud.com\/?page_id=889"},"modified":"2024-04-30T08:04:21","modified_gmt":"2024-04-30T08:04:21","slug":"organizadores","status":"publish","type":"page","link":"https:\/\/dramaturgiaparalainfanciaylajuventud.com\/?page_id=889","title":{"rendered":"Entidades organizadoras"},"content":{"rendered":"\t\t<div data-elementor-type=\"wp-page\" data-elementor-id=\"889\" class=\"elementor elementor-889\" data-elementor-post-type=\"page\">\n\t\t\t\t\t\t<section class=\"elementor-section elementor-top-section elementor-element elementor-element-1212199 elementor-section-boxed elementor-section-height-default elementor-section-height-default\" data-id=\"1212199\" data-element_type=\"section\" data-e-type=\"section\">\n\t\t\t\t\t\t<div class=\"elementor-container elementor-column-gap-default\">\n\t\t\t\t\t<div class=\"elementor-column elementor-col-33 elementor-top-column elementor-element elementor-element-302d574\" data-id=\"302d574\" data-element_type=\"column\" data-e-type=\"column\">\n\t\t\t<div class=\"elementor-widget-wrap elementor-element-populated\">\n\t\t\t\t\t\t<div class=\"elementor-element elementor-element-2bd117f elementor-widget elementor-widget-image\" data-id=\"2bd117f\" data-element_type=\"widget\" data-e-type=\"widget\" data-widget_type=\"image.default\">\n\t\t\t\t<div class=\"elementor-widget-container\">\n\t\t\t\t\t\t\t\t\t\t\t\t\t\t\t<img decoding=\"async\" src=\"https:\/\/dramaturgiaparalainfanciaylajuventud.com\/wp-content\/uploads\/2024\/04\/Logo_ASSITEJ_Espana.RGB_16.png\" title=\"Logo_ASSITEJ_Espana.RGB_16\" alt=\"Logo_ASSITEJ_Espana.RGB_16\" loading=\"lazy\" \/>\t\t\t\t\t\t\t\t\t\t\t\t\t\t\t<\/div>\n\t\t\t\t<\/div>\n\t\t\t\t<div class=\"elementor-element elementor-element-ce48062 elementor-widget elementor-widget-text-editor\" data-id=\"ce48062\" data-element_type=\"widget\" data-e-type=\"widget\" data-widget_type=\"text-editor.default\">\n\t\t\t\t<div class=\"elementor-widget-container\">\n\t\t\t\t\t\t\t\t\t<h3>ASSITEJ<\/h3><p>ASSITEJ es una entidad sin \u00e1nimo de lucro fundada en 1966, dedicada al fomento y la defensa de las artes esc\u00e9nicas para la infancia y la juventud. ASSITEJ est\u00e1 presente en casi 100 pa\u00edses de todo el mundo uniendo teatros, festivales, actores y actrices, directores\/as y dem\u00e1s profesionales de las artes esc\u00e9nicas alrededor del mundo.<\/p><p>ASSITEJ trabaja para garantizar el acceso de ni\u00f1os, ni\u00f1as y j\u00f3venes a espect\u00e1culos de calidad, y reivindica al p\u00fablico infantil y juvenil como un p\u00fablico del presente, capaz y valioso que necesita propuestas contempor\u00e1neas que le hablen de su realidad huyendo de la infantilizaci\u00f3n.<\/p><p>ASSITEJ trabaja con una mirada amplia, integrando y buscando conexiones con distintos agentes, organizaciones y entidades, actuando como articuladora de distintos sectores en la b\u00fasqueda de un camino conjunto que se dirija a la mejora del acceso al arte de ni\u00f1os y ni\u00f1as como se recoge en los art\u00edculos 13 y 31 de la Convenci\u00f3n de los Derechos del Ni\u00f1o o en el art\u00edculo 44 de nuestra constituci\u00f3n.<\/p><p><a href=\"https:\/\/www.assitej.net\/\" target=\"_blank\" rel=\"noopener\">www.assitej.es<\/a><\/p>\t\t\t\t\t\t\t\t<\/div>\n\t\t\t\t<\/div>\n\t\t\t\t\t<\/div>\n\t\t<\/div>\n\t\t\t\t<div class=\"elementor-column elementor-col-33 elementor-top-column elementor-element elementor-element-090e065\" data-id=\"090e065\" data-element_type=\"column\" data-e-type=\"column\">\n\t\t\t<div class=\"elementor-widget-wrap elementor-element-populated\">\n\t\t\t\t\t\t<div class=\"elementor-element elementor-element-97de512 elementor-widget elementor-widget-image\" data-id=\"97de512\" data-element_type=\"widget\" data-e-type=\"widget\" data-widget_type=\"image.default\">\n\t\t\t\t<div class=\"elementor-widget-container\">\n\t\t\t\t\t\t\t\t\t\t\t\t\t\t\t<img decoding=\"async\" src=\"https:\/\/dramaturgiaparalainfanciaylajuventud.com\/wp-content\/uploads\/2024\/04\/Aveet.png\" title=\"Aveet\" alt=\"Aveet\" loading=\"lazy\" \/>\t\t\t\t\t\t\t\t\t\t\t\t\t\t\t<\/div>\n\t\t\t\t<\/div>\n\t\t\t\t<div class=\"elementor-element elementor-element-ebe8cf0 elementor-widget elementor-widget-text-editor\" data-id=\"ebe8cf0\" data-element_type=\"widget\" data-e-type=\"widget\" data-widget_type=\"text-editor.default\">\n\t\t\t\t<div class=\"elementor-widget-container\">\n\t\t\t\t\t\t\t\t\t<h3 style=\"text-align: left\">AVEET\u00a0<\/h3><p>La Associaci\u00f3 Valenciana d\u2019Escriptores i Escriptors Teatrals, AVEET, se cre\u00f3 en el verano de 2013 con la intenci\u00f3n principal de defender los derechos de nuestras autoras y autores de teatro, visibilizar su trabajo y la figura de la creaci\u00f3n en Artes Esc\u00e9nicas desde todas sus vertientes.<\/p><p>Entre las principales actividades destacan la difusi\u00f3n de los perfiles y obras de los asociados en su p\u00e1gina web, la defensa de los derechos laborales y de autor, el apoyo a la publicaci\u00f3n de textos teatrales, la realizaci\u00f3n de lecturas dramatizadas y la organizaci\u00f3n de jornadas, encuentros y talleres.<\/p><p>Entre sus 101 asociados se encuentra una gran variedad de generaciones, perfiles y trayectorias, desde autores de amplia experiencia hasta los creadores m\u00e1s j\u00f3venes con solo dos obras estrenadas o publicadas.<\/p><p>La AVEET realiza una labor constante colaborando con instituciones y asociaciones, tanto en el \u00e1mbito auton\u00f3mico como en el estatal. Entre las actividades m\u00e1s destacadas encontramos las Jornadas de Creaci\u00f3n de Artes Esc\u00e9nicas para la Infancia y la Juventud patrocinadas por Escalante Centre d&#8217;Arts Esc\u00e8niques y la Diputaci\u00f3n de Val\u00e8ncia desde 2018, los Clubs de Lectura en con el Institut Valenci\u00e0 de Cultura, el Laboratorio de Escritura Ultramar con Carme Teatre y SGAE o las colaboraciones con los festivales Russafa Esc\u00e8nica o Cabanyal \u00cdntim.<\/p><p>En los \u00faltimos a\u00f1os tambi\u00e9n cabe destacar el trabajo en red junto a otras asociaciones de autor\u00eda teatral de diferentes comunidades aut\u00f3nomas con el objetivo de mejorar sus derechos y condiciones laborales en todo el territorio.<br \/><br \/><a href=\"https:\/\/aveet.eu\/\" target=\"_blank\" rel=\"noopener\">www.aveet.eu<\/a><\/p>\t\t\t\t\t\t\t\t<\/div>\n\t\t\t\t<\/div>\n\t\t\t\t\t<\/div>\n\t\t<\/div>\n\t\t\t\t<div class=\"elementor-column elementor-col-33 elementor-top-column elementor-element elementor-element-d0953dd\" data-id=\"d0953dd\" data-element_type=\"column\" data-e-type=\"column\">\n\t\t\t<div class=\"elementor-widget-wrap elementor-element-populated\">\n\t\t\t\t\t\t<div class=\"elementor-element elementor-element-62f0907 elementor-widget elementor-widget-image\" data-id=\"62f0907\" data-element_type=\"widget\" data-e-type=\"widget\" data-widget_type=\"image.default\">\n\t\t\t\t<div class=\"elementor-widget-container\">\n\t\t\t\t\t\t\t\t\t\t\t\t\t\t\t<img decoding=\"async\" src=\"https:\/\/dramaturgiaparalainfanciaylajuventud.com\/wp-content\/uploads\/2024\/04\/escalante-1.png\" title=\"escalante\" alt=\"escalante\" loading=\"lazy\" \/>\t\t\t\t\t\t\t\t\t\t\t\t\t\t\t<\/div>\n\t\t\t\t<\/div>\n\t\t\t\t<div class=\"elementor-element elementor-element-8120eb3 elementor-widget elementor-widget-text-editor\" data-id=\"8120eb3\" data-element_type=\"widget\" data-e-type=\"widget\" data-widget_type=\"text-editor.default\">\n\t\t\t\t<div class=\"elementor-widget-container\">\n\t\t\t\t\t\t\t\t\t<h3>Escalante Centre<\/h3><h3>d\u2019Arts Esc\u00e9niques<\/h3><p>El Escalante es el proyecto esc\u00e9nico para la infancia y la juventud de la Diputaci\u00f3n de Valencia. Nacido en 1985, fue el primer teatro en Espa\u00f1a que apost\u00f3 por ofrecer producciones y exhibiciones de calidad para ni\u00f1os\/as y j\u00f3venes que, hasta entonces, solo se encontraban en el teatro para adultos. Si estos han sido sus dos puntos fuertes, con los a\u00f1os ha ido creciendo, incorporando la formaci\u00f3n, con la creaci\u00f3n de la Escuela de Teatro en 1995 y no menos importante, la convocatoria anual a la escritura del Premio de Teatro Infantil y Juvenil.<\/p><p>As\u00ed pues, en todo este tiempo, Escalante ha potenciado la creaci\u00f3n de unas 60 producciones propias, espect\u00e1culos de grande y peque\u00f1o formato con t\u00edtulos y disciplinas muy diversas. Ha programado, temporada a temporada, miles de funciones de compa\u00f1\u00edas valencianas, de \u00e1mbito estatal o internacional destinadas a p\u00fablico escolar y familiar.<\/p><p>Escalante se ha convertido en un proyecto que ha consolidado un p\u00fablico muy atento y a la vez ha servido para impulsar y consolidar las trayectorias de los y las profesionales de las artes esc\u00e9nicas valencianas.<\/p><p><a href=\"https:\/\/escalantecentreteatral.dival.es\/\" target=\"_blank\" rel=\"noopener\">www.escalantecentreteatral.dival.es<\/a><\/p>\t\t\t\t\t\t\t\t<\/div>\n\t\t\t\t<\/div>\n\t\t\t\t\t<\/div>\n\t\t<\/div>\n\t\t\t\t\t<\/div>\n\t\t<\/section>\n\t\t\t\t<\/div>\n\t\t","protected":false},"excerpt":{"rendered":"<p>ASSITEJ ASSITEJ es una entidad sin \u00e1nimo de lucro fundada en 1966, dedicada al fomento y la defensa de las artes esc\u00e9nicas para la infancia y la juventud. ASSITEJ est\u00e1 presente en casi 100 pa\u00edses de todo el mundo uniendo teatros, festivales, actores y actrices, directores\/as y dem\u00e1s profesionales de las artes esc\u00e9nicas alrededor del &#8230; <a title=\"Entidades organizadoras\" class=\"read-more\" href=\"https:\/\/dramaturgiaparalainfanciaylajuventud.com\/?page_id=889\" aria-label=\"Leer m\u00e1s sobre Entidades organizadoras\">Leer m\u00e1s<\/a><\/p>\n","protected":false},"author":1,"featured_media":0,"parent":0,"menu_order":0,"comment_status":"closed","ping_status":"closed","template":"","meta":{"footnotes":""},"class_list":["post-889","page","type-page","status-publish"],"yoast_head":"<!-- This site is optimized with the Yoast SEO plugin v27.4 - https:\/\/yoast.com\/product\/yoast-seo-wordpress\/ -->\n<title>Entidades organizadoras | Encuentro de Dramaturgia para la Infancia y la Juventud 2024<\/title>\n<meta name=\"robots\" content=\"index, follow, max-snippet:-1, max-image-preview:large, max-video-preview:-1\" \/>\n<link rel=\"canonical\" href=\"https:\/\/dramaturgiaparalainfanciaylajuventud.com\/?page_id=889\" \/>\n<meta property=\"og:locale\" content=\"es_ES\" \/>\n<meta property=\"og:type\" content=\"article\" \/>\n<meta property=\"og:title\" content=\"Entidades organizadoras | Encuentro de Dramaturgia para la Infancia y la Juventud 2024\" \/>\n<meta property=\"og:description\" content=\"ASSITEJ ASSITEJ es una entidad sin \u00e1nimo de lucro fundada en 1966, dedicada al fomento y la defensa de las artes esc\u00e9nicas para la infancia y la juventud. ASSITEJ est\u00e1 presente en casi 100 pa\u00edses de todo el mundo uniendo teatros, festivales, actores y actrices, directores\/as y dem\u00e1s profesionales de las artes esc\u00e9nicas alrededor del ... Leer m\u00e1s\" \/>\n<meta property=\"og:url\" content=\"https:\/\/dramaturgiaparalainfanciaylajuventud.com\/?page_id=889\" \/>\n<meta property=\"og:site_name\" content=\"Encuentro de Dramaturgia para la Infancia y la Juventud 2024\" \/>\n<meta property=\"article:modified_time\" content=\"2024-04-30T08:04:21+00:00\" \/>\n<meta property=\"og:image\" content=\"https:\/\/dramaturgiaparalainfanciaylajuventud.com\/wp-content\/uploads\/2024\/04\/Logo_ASSITEJ_Espana.RGB_16.png\" \/>\n<meta name=\"twitter:card\" content=\"summary_large_image\" \/>\n<meta name=\"twitter:label1\" content=\"Tiempo de lectura\" \/>\n\t<meta name=\"twitter:data1\" content=\"4 minutos\" \/>\n<script type=\"application\/ld+json\" class=\"yoast-schema-graph\">{\"@context\":\"https:\\\/\\\/schema.org\",\"@graph\":[{\"@type\":\"WebPage\",\"@id\":\"https:\\\/\\\/dramaturgiaparalainfanciaylajuventud.com\\\/?page_id=889\",\"url\":\"https:\\\/\\\/dramaturgiaparalainfanciaylajuventud.com\\\/?page_id=889\",\"name\":\"Entidades organizadoras | Encuentro de Dramaturgia para la Infancia y la Juventud 2024\",\"isPartOf\":{\"@id\":\"https:\\\/\\\/dramaturgiaparalainfanciaylajuventud.com\\\/es_es\\\/#website\"},\"primaryImageOfPage\":{\"@id\":\"https:\\\/\\\/dramaturgiaparalainfanciaylajuventud.com\\\/?page_id=889#primaryimage\"},\"image\":{\"@id\":\"https:\\\/\\\/dramaturgiaparalainfanciaylajuventud.com\\\/?page_id=889#primaryimage\"},\"thumbnailUrl\":\"https:\\\/\\\/dramaturgiaparalainfanciaylajuventud.com\\\/wp-content\\\/uploads\\\/2024\\\/04\\\/Logo_ASSITEJ_Espana.RGB_16.png\",\"datePublished\":\"2021-05-17T11:48:27+00:00\",\"dateModified\":\"2024-04-30T08:04:21+00:00\",\"breadcrumb\":{\"@id\":\"https:\\\/\\\/dramaturgiaparalainfanciaylajuventud.com\\\/?page_id=889#breadcrumb\"},\"inLanguage\":\"es\",\"potentialAction\":[{\"@type\":\"ReadAction\",\"target\":[\"https:\\\/\\\/dramaturgiaparalainfanciaylajuventud.com\\\/?page_id=889\"]}]},{\"@type\":\"ImageObject\",\"inLanguage\":\"es\",\"@id\":\"https:\\\/\\\/dramaturgiaparalainfanciaylajuventud.com\\\/?page_id=889#primaryimage\",\"url\":\"https:\\\/\\\/dramaturgiaparalainfanciaylajuventud.com\\\/wp-content\\\/uploads\\\/2024\\\/04\\\/Logo_ASSITEJ_Espana.RGB_16.png\",\"contentUrl\":\"https:\\\/\\\/dramaturgiaparalainfanciaylajuventud.com\\\/wp-content\\\/uploads\\\/2024\\\/04\\\/Logo_ASSITEJ_Espana.RGB_16.png\",\"width\":600,\"height\":188},{\"@type\":\"BreadcrumbList\",\"@id\":\"https:\\\/\\\/dramaturgiaparalainfanciaylajuventud.com\\\/?page_id=889#breadcrumb\",\"itemListElement\":[{\"@type\":\"ListItem\",\"position\":1,\"name\":\"Portada\",\"item\":\"https:\\\/\\\/dramaturgiaparalainfanciaylajuventud.com\\\/\"},{\"@type\":\"ListItem\",\"position\":2,\"name\":\"Entidades organizadoras\"}]},{\"@type\":\"WebSite\",\"@id\":\"https:\\\/\\\/dramaturgiaparalainfanciaylajuventud.com\\\/es_es\\\/#website\",\"url\":\"https:\\\/\\\/dramaturgiaparalainfanciaylajuventud.com\\\/es_es\\\/\",\"name\":\"Encuentro de Dramaturgia para la Infancia y la Juventud 2024\",\"description\":\"\",\"publisher\":{\"@id\":\"https:\\\/\\\/dramaturgiaparalainfanciaylajuventud.com\\\/es_es\\\/#organization\"},\"potentialAction\":[{\"@type\":\"SearchAction\",\"target\":{\"@type\":\"EntryPoint\",\"urlTemplate\":\"https:\\\/\\\/dramaturgiaparalainfanciaylajuventud.com\\\/es_es\\\/?s={search_term_string}\"},\"query-input\":{\"@type\":\"PropertyValueSpecification\",\"valueRequired\":true,\"valueName\":\"search_term_string\"}}],\"inLanguage\":\"es\"},{\"@type\":\"Organization\",\"@id\":\"https:\\\/\\\/dramaturgiaparalainfanciaylajuventud.com\\\/es_es\\\/#organization\",\"name\":\"Encuentro de Dramaturgia para la Infancia y la Juventud 2024\",\"url\":\"https:\\\/\\\/dramaturgiaparalainfanciaylajuventud.com\\\/es_es\\\/\",\"logo\":{\"@type\":\"ImageObject\",\"inLanguage\":\"es\",\"@id\":\"https:\\\/\\\/dramaturgiaparalainfanciaylajuventud.com\\\/es_es\\\/#\\\/schema\\\/logo\\\/image\\\/\",\"url\":\"https:\\\/\\\/dramaturgiaparalainfanciaylajuventud.com\\\/wp-content\\\/uploads\\\/2024\\\/04\\\/Encuentrodramaturgiaweb.png\",\"contentUrl\":\"https:\\\/\\\/dramaturgiaparalainfanciaylajuventud.com\\\/wp-content\\\/uploads\\\/2024\\\/04\\\/Encuentrodramaturgiaweb.png\",\"width\":1024,\"height\":512,\"caption\":\"Encuentro de Dramaturgia para la Infancia y la Juventud 2024\"},\"image\":{\"@id\":\"https:\\\/\\\/dramaturgiaparalainfanciaylajuventud.com\\\/es_es\\\/#\\\/schema\\\/logo\\\/image\\\/\"}}]}<\/script>\n<!-- \/ Yoast SEO plugin. -->","yoast_head_json":{"title":"Entidades organizadoras | Encuentro de Dramaturgia para la Infancia y la Juventud 2024","robots":{"index":"index","follow":"follow","max-snippet":"max-snippet:-1","max-image-preview":"max-image-preview:large","max-video-preview":"max-video-preview:-1"},"canonical":"https:\/\/dramaturgiaparalainfanciaylajuventud.com\/?page_id=889","og_locale":"es_ES","og_type":"article","og_title":"Entidades organizadoras | Encuentro de Dramaturgia para la Infancia y la Juventud 2024","og_description":"ASSITEJ ASSITEJ es una entidad sin \u00e1nimo de lucro fundada en 1966, dedicada al fomento y la defensa de las artes esc\u00e9nicas para la infancia y la juventud. ASSITEJ est\u00e1 presente en casi 100 pa\u00edses de todo el mundo uniendo teatros, festivales, actores y actrices, directores\/as y dem\u00e1s profesionales de las artes esc\u00e9nicas alrededor del ... Leer m\u00e1s","og_url":"https:\/\/dramaturgiaparalainfanciaylajuventud.com\/?page_id=889","og_site_name":"Encuentro de Dramaturgia para la Infancia y la Juventud 2024","article_modified_time":"2024-04-30T08:04:21+00:00","og_image":[{"url":"https:\/\/dramaturgiaparalainfanciaylajuventud.com\/wp-content\/uploads\/2024\/04\/Logo_ASSITEJ_Espana.RGB_16.png","type":"","width":"","height":""}],"twitter_card":"summary_large_image","twitter_misc":{"Tiempo de lectura":"4 minutos"},"schema":{"@context":"https:\/\/schema.org","@graph":[{"@type":"WebPage","@id":"https:\/\/dramaturgiaparalainfanciaylajuventud.com\/?page_id=889","url":"https:\/\/dramaturgiaparalainfanciaylajuventud.com\/?page_id=889","name":"Entidades organizadoras | Encuentro de Dramaturgia para la Infancia y la Juventud 2024","isPartOf":{"@id":"https:\/\/dramaturgiaparalainfanciaylajuventud.com\/es_es\/#website"},"primaryImageOfPage":{"@id":"https:\/\/dramaturgiaparalainfanciaylajuventud.com\/?page_id=889#primaryimage"},"image":{"@id":"https:\/\/dramaturgiaparalainfanciaylajuventud.com\/?page_id=889#primaryimage"},"thumbnailUrl":"https:\/\/dramaturgiaparalainfanciaylajuventud.com\/wp-content\/uploads\/2024\/04\/Logo_ASSITEJ_Espana.RGB_16.png","datePublished":"2021-05-17T11:48:27+00:00","dateModified":"2024-04-30T08:04:21+00:00","breadcrumb":{"@id":"https:\/\/dramaturgiaparalainfanciaylajuventud.com\/?page_id=889#breadcrumb"},"inLanguage":"es","potentialAction":[{"@type":"ReadAction","target":["https:\/\/dramaturgiaparalainfanciaylajuventud.com\/?page_id=889"]}]},{"@type":"ImageObject","inLanguage":"es","@id":"https:\/\/dramaturgiaparalainfanciaylajuventud.com\/?page_id=889#primaryimage","url":"https:\/\/dramaturgiaparalainfanciaylajuventud.com\/wp-content\/uploads\/2024\/04\/Logo_ASSITEJ_Espana.RGB_16.png","contentUrl":"https:\/\/dramaturgiaparalainfanciaylajuventud.com\/wp-content\/uploads\/2024\/04\/Logo_ASSITEJ_Espana.RGB_16.png","width":600,"height":188},{"@type":"BreadcrumbList","@id":"https:\/\/dramaturgiaparalainfanciaylajuventud.com\/?page_id=889#breadcrumb","itemListElement":[{"@type":"ListItem","position":1,"name":"Portada","item":"https:\/\/dramaturgiaparalainfanciaylajuventud.com\/"},{"@type":"ListItem","position":2,"name":"Entidades organizadoras"}]},{"@type":"WebSite","@id":"https:\/\/dramaturgiaparalainfanciaylajuventud.com\/es_es\/#website","url":"https:\/\/dramaturgiaparalainfanciaylajuventud.com\/es_es\/","name":"Encuentro de Dramaturgia para la Infancia y la Juventud 2024","description":"","publisher":{"@id":"https:\/\/dramaturgiaparalainfanciaylajuventud.com\/es_es\/#organization"},"potentialAction":[{"@type":"SearchAction","target":{"@type":"EntryPoint","urlTemplate":"https:\/\/dramaturgiaparalainfanciaylajuventud.com\/es_es\/?s={search_term_string}"},"query-input":{"@type":"PropertyValueSpecification","valueRequired":true,"valueName":"search_term_string"}}],"inLanguage":"es"},{"@type":"Organization","@id":"https:\/\/dramaturgiaparalainfanciaylajuventud.com\/es_es\/#organization","name":"Encuentro de Dramaturgia para la Infancia y la Juventud 2024","url":"https:\/\/dramaturgiaparalainfanciaylajuventud.com\/es_es\/","logo":{"@type":"ImageObject","inLanguage":"es","@id":"https:\/\/dramaturgiaparalainfanciaylajuventud.com\/es_es\/#\/schema\/logo\/image\/","url":"https:\/\/dramaturgiaparalainfanciaylajuventud.com\/wp-content\/uploads\/2024\/04\/Encuentrodramaturgiaweb.png","contentUrl":"https:\/\/dramaturgiaparalainfanciaylajuventud.com\/wp-content\/uploads\/2024\/04\/Encuentrodramaturgiaweb.png","width":1024,"height":512,"caption":"Encuentro de Dramaturgia para la Infancia y la Juventud 2024"},"image":{"@id":"https:\/\/dramaturgiaparalainfanciaylajuventud.com\/es_es\/#\/schema\/logo\/image\/"}}]}},"_links":{"self":[{"href":"https:\/\/dramaturgiaparalainfanciaylajuventud.com\/index.php?rest_route=\/wp\/v2\/pages\/889","targetHints":{"allow":["GET"]}}],"collection":[{"href":"https:\/\/dramaturgiaparalainfanciaylajuventud.com\/index.php?rest_route=\/wp\/v2\/pages"}],"about":[{"href":"https:\/\/dramaturgiaparalainfanciaylajuventud.com\/index.php?rest_route=\/wp\/v2\/types\/page"}],"author":[{"embeddable":true,"href":"https:\/\/dramaturgiaparalainfanciaylajuventud.com\/index.php?rest_route=\/wp\/v2\/users\/1"}],"replies":[{"embeddable":true,"href":"https:\/\/dramaturgiaparalainfanciaylajuventud.com\/index.php?rest_route=%2Fwp%2Fv2%2Fcomments&post=889"}],"version-history":[{"count":0,"href":"https:\/\/dramaturgiaparalainfanciaylajuventud.com\/index.php?rest_route=\/wp\/v2\/pages\/889\/revisions"}],"wp:attachment":[{"href":"https:\/\/dramaturgiaparalainfanciaylajuventud.com\/index.php?rest_route=%2Fwp%2Fv2%2Fmedia&parent=889"}],"curies":[{"name":"wp","href":"https:\/\/api.w.org\/{rel}","templated":true}]}}